{"id":333,"date":"2025-12-04T07:34:43","date_gmt":"2025-12-04T07:34:43","guid":{"rendered":"https:\/\/frutaslariberena.com\/?page_id=333"},"modified":"2025-12-04T07:36:23","modified_gmt":"2025-12-04T07:36:23","slug":"declaracion-de-accesibilidad","status":"publish","type":"page","link":"https:\/\/frutaslariberena.com\/en\/declaracion-de-accesibilidad\/","title":{"rendered":"Declaraci\u00f3n de accesibilidad"},"content":{"rendered":"<div data-elementor-type=\"wp-page\" data-elementor-id=\"333\" class=\"elementor elementor-333\" data-elementor-post-type=\"page\">\n\t\t\t\t<div class=\"elementor-element elementor-element-6853454 e-flex e-con-boxed e-con e-parent\" data-id=\"6853454\" data-element_type=\"container\">\n\t\t\t\t\t<div class=\"e-con-inner\">\n\t\t\t\t<div class=\"elementor-element elementor-element-e6e4941 elementor-widget elementor-widget-text-editor\" data-id=\"e6e4941\" data-element_type=\"widget\" data-widget_type=\"text-editor.default\">\n\t\t\t\t\t\t\t\t\t<h1 data-start=\"264\" data-end=\"298\"><strong data-start=\"266\" data-end=\"298\">Declaraci\u00f3n de Accesibilidad<\/strong><\/h1><p data-start=\"300\" data-end=\"452\">La presente declaraci\u00f3n de accesibilidad se aplica al sitio web <strong data-start=\"364\" data-end=\"397\"><a class=\"decorated-link\" href=\"https:\/\/frutaslariberena.com\/en\/\" target=\"_new\" rel=\"noopener\" data-start=\"366\" data-end=\"395\">https:\/\/frutaslariberena.com\/<\/a><\/strong> y a todas las p\u00e1ginas web y contenidos alojados en \u00e9l.<\/p><h2 data-start=\"454\" data-end=\"486\"><strong data-start=\"457\" data-end=\"486\">Situaci\u00f3n de cumplimiento<\/strong><\/h2><p data-start=\"488\" data-end=\"804\">Este sitio web cumple plenamente con la legislaci\u00f3n nacional en materia de accesibilidad digital, siguiendo los criterios establecidos en el Real Decreto 1112\/2018, de 7 de septiembre, sobre accesibilidad de los sitios web y aplicaciones m\u00f3viles del sector p\u00fablico, aplicable como referencia para entidades privadas.<\/p><h2 data-start=\"806\" data-end=\"868\"><strong data-start=\"809\" data-end=\"868\">Preparaci\u00f3n de la presente declaraci\u00f3n de accesibilidad<\/strong><\/h2><p data-start=\"870\" data-end=\"1049\">Esta declaraci\u00f3n fue preparada el <strong data-start=\"904\" data-end=\"929\">20 de octubre de 2024<\/strong>, siguiendo el m\u00e9todo dispuesto en el art\u00edculo 3, apartado 1, de la Decisi\u00f3n de Ejecuci\u00f3n (UE) 2018\/1523 de la Comisi\u00f3n.<\/p><h2 data-start=\"1051\" data-end=\"1091\"><strong data-start=\"1054\" data-end=\"1091\">\u00daltima revisi\u00f3n de la declaraci\u00f3n<\/strong><\/h2><p data-start=\"1093\" data-end=\"1172\">La \u00faltima revisi\u00f3n de esta declaraci\u00f3n se realiz\u00f3 el <strong data-start=\"1146\" data-end=\"1171\">20 de octubre de 2024<\/strong>.<\/p><h2 data-start=\"1174\" data-end=\"1214\"><strong data-start=\"1177\" data-end=\"1214\">Observaciones y datos de contacto<\/strong><\/h2><p data-start=\"1216\" data-end=\"1462\">Si desea comunicar cualquier requisito de accesibilidad, informar sobre posibles incumplimientos, solicitar informaci\u00f3n accesible, o plantear cualquier duda relacionada con la accesibilidad del sitio web, puede contactar con La Riberi\u00f1a mediante:<\/p><ul data-start=\"1464\" data-end=\"1502\"><li data-start=\"1464\" data-end=\"1502\"><p data-start=\"1466\" data-end=\"1502\"><strong data-start=\"1466\" data-end=\"1476\">Email:<\/strong> <a class=\"decorated-link cursor-pointer\" rel=\"noopener\" data-start=\"1477\" data-end=\"1502\">info@frutaslariberena.com<\/a><\/p><\/li><\/ul><h2 data-start=\"1504\" data-end=\"1538\"><strong data-start=\"1507\" data-end=\"1538\">Procedimiento de aplicaci\u00f3n<\/strong><\/h2><p data-start=\"1540\" data-end=\"1780\">En caso de que la respuesta proporcionada a trav\u00e9s del medio de contacto no resulte satisfactoria, o si necesita presentar una reclamaci\u00f3n formal sobre accesibilidad digital, puede dirigirse al organismo de supervisi\u00f3n competente en Espa\u00f1a.<\/p><p data-start=\"1782\" data-end=\"2004\">Los datos y procedimientos oficiales pueden consultarse en la p\u00e1gina web del organismo responsable de accesibilidad digital:<br data-start=\"1906\" data-end=\"1909\" \/><a class=\"decorated-link\" href=\"https:\/\/www.seg-social.es\/wps\/portal\/wss\/internet\/Trabajadores\/InformacionRelevante\/30413\/30903\" target=\"_new\" rel=\"noopener\" data-start=\"1909\" data-end=\"2004\">https:\/\/www.seg-social.es\/wps\/portal\/wss\/internet\/Trabajadores\/InformacionRelevante\/30413\/30903<\/a><\/p>\t\t\t\t\t\t\t\t<\/div>\n\t\t\t\t\t<\/div>\n\t\t\t\t<\/div>\n\t\t\t\t<\/div>","protected":false},"excerpt":{"rendered":"<p>Declaraci\u00f3n de Accesibilidad La presente declaraci\u00f3n de accesibilidad se aplica al sitio web https:\/\/frutaslariberena.com\/ y a todas las p\u00e1ginas web y contenidos alojados en \u00e9l. Situaci\u00f3n de cumplimiento Este sitio web cumple plenamente con la legislaci\u00f3n nacional en materia de accesibilidad digital, siguiendo los criterios establecidos en el Real Decreto 1112\/2018, de 7 de septiembre, [&hellip;]<\/p>","protected":false},"author":1,"featured_media":0,"parent":0,"menu_order":0,"comment_status":"closed","ping_status":"closed","template":"","meta":{"footnotes":""},"class_list":["post-333","page","type-page","status-publish","hentry"],"yoast_head":"<!-- This site is optimized with the Yoast SEO plugin v26.5 - https:\/\/yoast.com\/wordpress\/plugins\/seo\/ -->\n<title>Declaraci\u00f3n de accesibilidad - Mayorista de frutas y verduras en Mercasevilla<\/title>\n<meta name=\"robots\" content=\"noindex, follow\" \/>\n<meta property=\"og:locale\" content=\"en_GB\" \/>\n<meta property=\"og:type\" content=\"article\" \/>\n<meta property=\"og:title\" content=\"Declaraci\u00f3n de accesibilidad - Mayorista de frutas y verduras en Mercasevilla\" \/>\n<meta property=\"og:description\" content=\"Declaraci\u00f3n de Accesibilidad La presente declaraci\u00f3n de accesibilidad se aplica al sitio web https:\/\/frutaslariberena.com\/ y a todas las p\u00e1ginas web y contenidos alojados en \u00e9l. Situaci\u00f3n de cumplimiento Este sitio web cumple plenamente con la legislaci\u00f3n nacional en materia de accesibilidad digital, siguiendo los criterios establecidos en el Real Decreto 1112\/2018, de 7 de septiembre, [&hellip;]\" \/>\n<meta property=\"og:url\" content=\"https:\/\/frutaslariberena.com\/en\/declaracion-de-accesibilidad\/\" \/>\n<meta property=\"og:site_name\" content=\"Mayorista de frutas y verduras en Mercasevilla\" \/>\n<meta property=\"article:publisher\" content=\"https:\/\/www.facebook.com\/FrutasLaRiberena\/?locale=es_ES\" \/>\n<meta property=\"article:modified_time\" content=\"2025-12-04T07:36:23+00:00\" \/>\n<meta name=\"twitter:card\" content=\"summary_large_image\" \/>\n<meta name=\"twitter:label1\" content=\"Estimated reading time\" \/>\n\t<meta name=\"twitter:data1\" content=\"2 minutes\" \/>\n<script type=\"application\/ld+json\" class=\"yoast-schema-graph\">{\"@context\":\"https:\/\/schema.org\",\"@graph\":[{\"@type\":\"WebPage\",\"@id\":\"https:\/\/frutaslariberena.com\/declaracion-de-accesibilidad\/\",\"url\":\"https:\/\/frutaslariberena.com\/declaracion-de-accesibilidad\/\",\"name\":\"Declaraci\u00f3n de accesibilidad - Mayorista de frutas y verduras en Mercasevilla\",\"isPartOf\":{\"@id\":\"https:\/\/frutaslariberena.com\/#website\"},\"datePublished\":\"2025-12-04T07:34:43+00:00\",\"dateModified\":\"2025-12-04T07:36:23+00:00\",\"breadcrumb\":{\"@id\":\"https:\/\/frutaslariberena.com\/declaracion-de-accesibilidad\/#breadcrumb\"},\"inLanguage\":\"en-GB\",\"potentialAction\":[{\"@type\":\"ReadAction\",\"target\":[\"https:\/\/frutaslariberena.com\/declaracion-de-accesibilidad\/\"]}]},{\"@type\":\"BreadcrumbList\",\"@id\":\"https:\/\/frutaslariberena.com\/declaracion-de-accesibilidad\/#breadcrumb\",\"itemListElement\":[{\"@type\":\"ListItem\",\"position\":1,\"name\":\"Portada\",\"item\":\"https:\/\/frutaslariberena.com\/\"},{\"@type\":\"ListItem\",\"position\":2,\"name\":\"Declaraci\u00f3n de accesibilidad\"}]},{\"@type\":\"WebSite\",\"@id\":\"https:\/\/frutaslariberena.com\/#website\",\"url\":\"https:\/\/frutaslariberena.com\/\",\"name\":\"Mayorista de frutas y verduras en Mercasevilla\",\"description\":\"Frutas y verduras La Ribere\u00f1a Mercasevilla\",\"publisher\":{\"@id\":\"https:\/\/frutaslariberena.com\/#organization\"},\"potentialAction\":[{\"@type\":\"SearchAction\",\"target\":{\"@type\":\"EntryPoint\",\"urlTemplate\":\"https:\/\/frutaslariberena.com\/?s={search_term_string}\"},\"query-input\":{\"@type\":\"PropertyValueSpecification\",\"valueRequired\":true,\"valueName\":\"search_term_string\"}}],\"inLanguage\":\"en-GB\"},{\"@type\":\"Organization\",\"@id\":\"https:\/\/frutaslariberena.com\/#organization\",\"name\":\"Mayorista de frutas y verduras en Mercasevilla\",\"url\":\"https:\/\/frutaslariberena.com\/\",\"logo\":{\"@type\":\"ImageObject\",\"inLanguage\":\"en-GB\",\"@id\":\"https:\/\/frutaslariberena.com\/#\/schema\/logo\/image\/\",\"url\":\"https:\/\/frutaslariberena.com\/wp-content\/uploads\/2025\/09\/LOGO-LA-RIBERENA.avif\",\"contentUrl\":\"https:\/\/frutaslariberena.com\/wp-content\/uploads\/2025\/09\/LOGO-LA-RIBERENA.avif\",\"width\":710,\"height\":300,\"caption\":\"Mayorista de frutas y verduras en Mercasevilla\"},\"image\":{\"@id\":\"https:\/\/frutaslariberena.com\/#\/schema\/logo\/image\/\"},\"sameAs\":[\"https:\/\/www.facebook.com\/FrutasLaRiberena\/?locale=es_ES\",\"https:\/\/www.instagram.com\/frutaslariberena\/\"]}]}<\/script>\n<!-- \/ Yoast SEO plugin. -->","yoast_head_json":{"title":"Declaraci\u00f3n de accesibilidad - Mayorista de frutas y verduras en Mercasevilla","robots":{"index":"noindex","follow":"follow"},"og_locale":"en_GB","og_type":"article","og_title":"Declaraci\u00f3n de accesibilidad - Mayorista de frutas y verduras en Mercasevilla","og_description":"Declaraci\u00f3n de Accesibilidad La presente declaraci\u00f3n de accesibilidad se aplica al sitio web https:\/\/frutaslariberena.com\/ y a todas las p\u00e1ginas web y contenidos alojados en \u00e9l. Situaci\u00f3n de cumplimiento Este sitio web cumple plenamente con la legislaci\u00f3n nacional en materia de accesibilidad digital, siguiendo los criterios establecidos en el Real Decreto 1112\/2018, de 7 de septiembre, [&hellip;]","og_url":"https:\/\/frutaslariberena.com\/en\/declaracion-de-accesibilidad\/","og_site_name":"Mayorista de frutas y verduras en Mercasevilla","article_publisher":"https:\/\/www.facebook.com\/FrutasLaRiberena\/?locale=es_ES","article_modified_time":"2025-12-04T07:36:23+00:00","twitter_card":"summary_large_image","twitter_misc":{"Estimated reading time":"2 minutes"},"schema":{"@context":"https:\/\/schema.org","@graph":[{"@type":"WebPage","@id":"https:\/\/frutaslariberena.com\/declaracion-de-accesibilidad\/","url":"https:\/\/frutaslariberena.com\/declaracion-de-accesibilidad\/","name":"Declaraci\u00f3n de accesibilidad - Mayorista de frutas y verduras en Mercasevilla","isPartOf":{"@id":"https:\/\/frutaslariberena.com\/#website"},"datePublished":"2025-12-04T07:34:43+00:00","dateModified":"2025-12-04T07:36:23+00:00","breadcrumb":{"@id":"https:\/\/frutaslariberena.com\/declaracion-de-accesibilidad\/#breadcrumb"},"inLanguage":"en-GB","potentialAction":[{"@type":"ReadAction","target":["https:\/\/frutaslariberena.com\/declaracion-de-accesibilidad\/"]}]},{"@type":"BreadcrumbList","@id":"https:\/\/frutaslariberena.com\/declaracion-de-accesibilidad\/#breadcrumb","itemListElement":[{"@type":"ListItem","position":1,"name":"Portada","item":"https:\/\/frutaslariberena.com\/"},{"@type":"ListItem","position":2,"name":"Declaraci\u00f3n de accesibilidad"}]},{"@type":"WebSite","@id":"https:\/\/frutaslariberena.com\/#website","url":"https:\/\/frutaslariberena.com\/","name":"Mayorista de frutas y verduras en Mercasevilla","description":"Frutas y verduras La Ribere\u00f1a Mercasevilla","publisher":{"@id":"https:\/\/frutaslariberena.com\/#organization"},"potentialAction":[{"@type":"SearchAction","target":{"@type":"EntryPoint","urlTemplate":"https:\/\/frutaslariberena.com\/?s={search_term_string}"},"query-input":{"@type":"PropertyValueSpecification","valueRequired":true,"valueName":"search_term_string"}}],"inLanguage":"en-GB"},{"@type":"Organization","@id":"https:\/\/frutaslariberena.com\/#organization","name":"Mayorista de frutas y verduras en Mercasevilla","url":"https:\/\/frutaslariberena.com\/","logo":{"@type":"ImageObject","inLanguage":"en-GB","@id":"https:\/\/frutaslariberena.com\/#\/schema\/logo\/image\/","url":"https:\/\/frutaslariberena.com\/wp-content\/uploads\/2025\/09\/LOGO-LA-RIBERENA.avif","contentUrl":"https:\/\/frutaslariberena.com\/wp-content\/uploads\/2025\/09\/LOGO-LA-RIBERENA.avif","width":710,"height":300,"caption":"Mayorista de frutas y verduras en Mercasevilla"},"image":{"@id":"https:\/\/frutaslariberena.com\/#\/schema\/logo\/image\/"},"sameAs":["https:\/\/www.facebook.com\/FrutasLaRiberena\/?locale=es_ES","https:\/\/www.instagram.com\/frutaslariberena\/"]}]}},"_links":{"self":[{"href":"https:\/\/frutaslariberena.com\/en\/wp-json\/wp\/v2\/pages\/333","targetHints":{"allow":["GET"]}}],"collection":[{"href":"https:\/\/frutaslariberena.com\/en\/wp-json\/wp\/v2\/pages"}],"about":[{"href":"https:\/\/frutaslariberena.com\/en\/wp-json\/wp\/v2\/types\/page"}],"author":[{"embeddable":true,"href":"https:\/\/frutaslariberena.com\/en\/wp-json\/wp\/v2\/users\/1"}],"replies":[{"embeddable":true,"href":"https:\/\/frutaslariberena.com\/en\/wp-json\/wp\/v2\/comments?post=333"}],"version-history":[{"count":4,"href":"https:\/\/frutaslariberena.com\/en\/wp-json\/wp\/v2\/pages\/333\/revisions"}],"predecessor-version":[{"id":338,"href":"https:\/\/frutaslariberena.com\/en\/wp-json\/wp\/v2\/pages\/333\/revisions\/338"}],"wp:attachment":[{"href":"https:\/\/frutaslariberena.com\/en\/wp-json\/wp\/v2\/media?parent=333"}],"curies":[{"name":"wp","href":"https:\/\/api.w.org\/{rel}","templated":true}]}}